{"id":1590,"date":"2019-09-13T20:07:11","date_gmt":"2019-09-13T18:07:11","guid":{"rendered":"https:\/\/kaaakollection.com\/?page_id=1590"},"modified":"2019-09-13T20:46:43","modified_gmt":"2019-09-13T18:46:43","slug":"politiques-de-retour","status":"publish","type":"page","link":"https:\/\/kaaakollection.com\/index.php\/politiques-de-retour\/","title":{"rendered":"Politique de retour"},"content":{"rendered":"<div id=\"pl-1590\"  class=\"panel-layout\" ><div id=\"pg-1590-0\"  class=\"panel-grid panel-no-style\" ><div id=\"pgc-1590-0-0\"  class=\"panel-grid-cell\" ><div id=\"panel-1590-0-0-0\" class=\"so-panel widget widget_sow-headline panel-first-child panel-last-child\" data-index=\"0\" ><div\n\t\t\t\n\t\t\tclass=\"so-widget-sow-headline so-widget-sow-headline-default-ce4b9f47fb3f-1590\"\n\t\t\t\n\t\t><div class=\"sow-headline-container \">\n\t\t\t\t\t\t\t<h1 class=\"sow-headline\">\n\t\t\t\t\t\tPour les politique de retour :\t\t\t\t\t\t<\/h1>\n\t\t\t\t\t\t\t\t\t\t\t<div class=\"decoration\">\n\t\t\t\t\t\t<div class=\"decoration-inside\"><\/div>\n\t\t\t\t\t<\/div>\n\t\t\t\t\t<\/div>\n<\/div><\/div><\/div><div id=\"pgc-1590-0-1\"  class=\"panel-grid-cell\" ><div id=\"panel-1590-0-1-0\" class=\"so-panel widget widget_sow-headline panel-first-child panel-last-child\" data-index=\"1\" ><div class=\"panel-widget-style panel-widget-style-for-1590-0-1-0\" ><div\n\t\t\t\n\t\t\tclass=\"so-widget-sow-headline so-widget-sow-headline-default-2248e0ce5ee7-1590\"\n\t\t\t\n\t\t><div class=\"sow-headline-container \">\n\t\t\t\t\t\t\t<h3 class=\"sow-headline\">\n\t\t\t\t\t\tNous proc\u00e9dons aux retours. L\u2019acheteur dispose d\u2019un d\u00e9lai de 72h \u00e0 compter de la livraison de la commande pour retourner les produits, sachant que les frais de retours sont \u00e0 la charge de l\u2019acheteur.<br \/>Tout retour devra \u00eatre signal\u00e9 au pr\u00e9alable par e-mail \u00e0 l\u2019adresse: kaaakollection@hotmail.com <br \/>Seuls seront repris les articles retourn\u00e9s dans leurs emballages d\u2019origine et pourvu de leur \u00e9tiquette, ils ne devront pas avoir \u00e9t\u00e9 port\u00e9 ni subi de d\u00e9t\u00e9rioration ni avoir \u00e9t\u00e9 lav\u00e9 et \u00eatre accompagn\u00e9 de la facture d\u2019achat. <br \/>Apr\u00e8s v\u00e9rification des articles et validation, l\u2019acheteur recevra un mail afin de lui notifier la validation du montant de son avoirs valable pendant 1 ans sur l\u2019ensemble de nos articles.\t\t\t\t\t\t<\/h3>\n\t\t\t\t\t\t\t\t\t\t\t<div class=\"decoration\">\n\t\t\t\t\t\t<div class=\"decoration-inside\"><\/div>\n\t\t\t\t\t<\/div>\n\t\t\t\t\t<\/div>\n<\/div><\/div><\/div><\/div><\/div><\/div>","protected":false},"excerpt":{"rendered":"<p>Pour les politique de retour : Nous proc\u00e9dons aux retours. L\u2019acheteur dispose d\u2019un d\u00e9lai de 72h \u00e0 compter de la livraison de la commande pour retourner les produits, sachant que les frais de retours sont \u00e0 la charge de l\u2019acheteur.Tout retour devra \u00eatre signal\u00e9 au pr\u00e9alable par e-mail \u00e0 l\u2019adresse: kaaakollection@hotmail.com Seuls seront repris les &hellip;<\/p>\n<p class=\"read-more\"> <a class=\"\" href=\"https:\/\/kaaakollection.com\/index.php\/politiques-de-retour\/\"> <span class=\"screen-reader-text\">Politique de retour<\/span> Lire la suite\u00a0\u00bb<\/a><\/p>\n","protected":false},"author":1,"featured_media":0,"parent":0,"menu_order":0,"comment_status":"closed","ping_status":"closed","template":"","meta":{"spay_email":""},"_links":{"self":[{"href":"https:\/\/kaaakollection.com\/index.php\/wp-json\/wp\/v2\/pages\/1590"}],"collection":[{"href":"https:\/\/kaaakollection.com\/index.php\/wp-json\/wp\/v2\/pages"}],"about":[{"href":"https:\/\/kaaakollection.com\/index.php\/wp-json\/wp\/v2\/types\/page"}],"author":[{"embeddable":true,"href":"https:\/\/kaaakollection.com\/index.php\/wp-json\/wp\/v2\/users\/1"}],"replies":[{"embeddable":true,"href":"https:\/\/kaaakollection.com\/index.php\/wp-json\/wp\/v2\/comments?post=1590"}],"version-history":[{"count":46,"href":"https:\/\/kaaakollection.com\/index.php\/wp-json\/wp\/v2\/pages\/1590\/revisions"}],"predecessor-version":[{"id":1699,"href":"https:\/\/kaaakollection.com\/index.php\/wp-json\/wp\/v2\/pages\/1590\/revisions\/1699"}],"wp:attachment":[{"href":"https:\/\/kaaakollection.com\/index.php\/wp-json\/wp\/v2\/media?parent=1590"}],"curies":[{"name":"wp","href":"https:\/\/api.w.org\/{rel}","templated":true}]}}