{"id":1643,"date":"2019-09-13T20:33:01","date_gmt":"2019-09-13T18:33:01","guid":{"rendered":"https:\/\/kaaakollection.com\/?page_id=1643"},"modified":"2019-09-13T20:43:14","modified_gmt":"2019-09-13T18:43:14","slug":"1643-2","status":"publish","type":"page","link":"https:\/\/kaaakollection.com\/index.php\/1643-2\/","title":{"rendered":"Livraisons"},"content":{"rendered":"<div id=\"pl-1643\"  class=\"panel-layout\" ><div id=\"pg-1643-0\"  class=\"panel-grid panel-has-style\" ><div class=\"panel-row-style panel-row-style-for-1643-0\" ><div id=\"pgc-1643-0-0\"  class=\"panel-grid-cell\" ><div id=\"panel-1643-0-0-0\" class=\"so-panel widget widget_sow-headline panel-first-child panel-last-child\" data-index=\"0\" ><div\n\t\t\t\n\t\t\tclass=\"so-widget-sow-headline so-widget-sow-headline-default-ea0af4cf39ae-1643 so-widget-fittext-wrapper\"\n\t\t\t data-fit-text-compressor=\"0.85\"\n\t\t><div class=\"sow-headline-container \">\n\t\t\t\t\t\t\t<h1 class=\"sow-headline\">\n\t\t\t\t\t\tLIVRAISON\t\t\t\t\t\t<\/h1>\n\t\t\t\t\t\t\t\t\t\t\t<div class=\"decoration\">\n\t\t\t\t\t\t<div class=\"decoration-inside\"><\/div>\n\t\t\t\t\t<\/div>\n\t\t\t\t\t<\/div>\n<\/div><\/div><\/div><div id=\"pgc-1643-0-1\"  class=\"panel-grid-cell\" ><div id=\"panel-1643-0-1-0\" class=\"so-panel widget widget_sow-editor panel-first-child panel-last-child\" data-index=\"1\" ><div\n\t\t\t\n\t\t\tclass=\"so-widget-sow-editor so-widget-sow-editor-base\"\n\t\t\t\n\t\t>\n<div class=\"siteorigin-widget-tinymce textwidget\">\n\t<h3>Le transport de votre colis<br \/>\nLes colis sont exp\u00e9di\u00e9s sous 10 \u00e0 20 jours jours ouvrables apr\u00e8s r\u00e9ception de votre paiement. L\u2019exp\u00e9dition standard sera assur\u00e9 par la Poste. Nous vous informerons par mail de l\u2019exp\u00e9dition de votre colis.<br \/>\nLes frais d\u2019exp\u00e9dition incluent l\u2019affranchissement et l\u2019emballage du colis. Ils peuvent varier selon le poids de votre commande. Nous vous conseillons de regrouper vos achats en une commande unique. Nous ne pouvons pas grouper deux commandes distinctes et vous devrez vous acquitter des frais de port pour chacune d\u2019entre elles.<\/h3>\n<\/div>\n<\/div><\/div><\/div><\/div><\/div><\/div>","protected":false},"excerpt":{"rendered":"<p>Le transport de votre colis Les colis sont exp\u00e9di\u00e9s sous 10 \u00e0 20 jours jours ouvrables apr\u00e8s r\u00e9ception de votre paiement. L\u2019exp\u00e9dition standard sera assur\u00e9 par la Poste. Nous vous informerons par mail de l\u2019exp\u00e9dition de votre colis. Les frais d\u2019exp\u00e9dition incluent l\u2019affranchissement et l\u2019emballage du colis. Ils peuvent varier selon le poids de votre &hellip;<\/p>\n<p class=\"read-more\"> <a class=\"\" href=\"https:\/\/kaaakollection.com\/index.php\/1643-2\/\"> <span class=\"screen-reader-text\">Livraisons<\/span> Lire la suite\u00a0\u00bb<\/a><\/p>\n","protected":false},"author":1,"featured_media":0,"parent":0,"menu_order":0,"comment_status":"closed","ping_status":"closed","template":"","meta":{"spay_email":""},"_links":{"self":[{"href":"https:\/\/kaaakollection.com\/index.php\/wp-json\/wp\/v2\/pages\/1643"}],"collection":[{"href":"https:\/\/kaaakollection.com\/index.php\/wp-json\/wp\/v2\/pages"}],"about":[{"href":"https:\/\/kaaakollection.com\/index.php\/wp-json\/wp\/v2\/types\/page"}],"author":[{"embeddable":true,"href":"https:\/\/kaaakollection.com\/index.php\/wp-json\/wp\/v2\/users\/1"}],"replies":[{"embeddable":true,"href":"https:\/\/kaaakollection.com\/index.php\/wp-json\/wp\/v2\/comments?post=1643"}],"version-history":[{"count":15,"href":"https:\/\/kaaakollection.com\/index.php\/wp-json\/wp\/v2\/pages\/1643\/revisions"}],"predecessor-version":[{"id":1695,"href":"https:\/\/kaaakollection.com\/index.php\/wp-json\/wp\/v2\/pages\/1643\/revisions\/1695"}],"wp:attachment":[{"href":"https:\/\/kaaakollection.com\/index.php\/wp-json\/wp\/v2\/media?parent=1643"}],"curies":[{"name":"wp","href":"https:\/\/api.w.org\/{rel}","templated":true}]}}