{"id":1644,"date":"2019-09-13T20:32:53","date_gmt":"2019-09-13T18:32:53","guid":{"rendered":"https:\/\/kaaakollection.com\/?page_id=1644"},"modified":"2019-09-13T20:47:31","modified_gmt":"2019-09-13T18:47:31","slug":"1644-2","status":"publish","type":"page","link":"https:\/\/kaaakollection.com\/index.php\/1644-2\/","title":{"rendered":"Mention l\u00e9gale"},"content":{"rendered":"<div id=\"pl-1644\"  class=\"panel-layout\" ><div id=\"pg-1644-0\"  class=\"panel-grid panel-has-style\" ><div class=\"panel-row-style panel-row-style-for-1644-0\" ><div id=\"pgc-1644-0-0\"  class=\"panel-grid-cell\" ><div id=\"panel-1644-0-0-0\" class=\"so-panel widget widget_sow-headline panel-first-child panel-last-child\" data-index=\"0\" ><div\n\t\t\t\n\t\t\tclass=\"so-widget-sow-headline so-widget-sow-headline-default-82d0e4baaf21-1644 so-widget-fittext-wrapper\"\n\t\t\t data-fit-text-compressor=\"0.85\"\n\t\t><div class=\"sow-headline-container \">\n\t\t\t\t\t\t\t<h1 class=\"sow-headline\">\n\t\t\t\t\t\tMention l\u00e9gale \t\t\t\t\t\t<\/h1>\n\t\t\t\t\t\t\t\t\t\t\t<div class=\"decoration\">\n\t\t\t\t\t\t<div class=\"decoration-inside\"><\/div>\n\t\t\t\t\t<\/div>\n\t\t\t\t\t<\/div>\n<\/div><\/div><\/div><\/div><\/div><div id=\"pg-1644-1\"  class=\"panel-grid panel-no-style\" ><div id=\"pgc-1644-1-0\"  class=\"panel-grid-cell\" ><div id=\"panel-1644-1-0-0\" class=\"so-panel widget widget_sow-editor panel-first-child panel-last-child\" data-index=\"1\" ><div\n\t\t\t\n\t\t\tclass=\"so-widget-sow-editor so-widget-sow-editor-base\"\n\t\t\t\n\t\t>\n<div class=\"siteorigin-widget-tinymce textwidget\">\n\t<h5 style=\"text-align: center;\">D\u00e9nomination sociale :<\/h5>\n<p style=\"text-align: center;\">\nKaaakollection marque cr\u00e9\u00e9e par Fatmata Kanoute<br \/>\nSiret: 850 860 735 000 16<\/p>\n<h5 style=\"text-align: center;\">Hebergeur:<\/h5>\n<p style=\"text-align: center;\">Ovh<\/p>\n<h5 style=\"text-align: center;\">\nCr\u00e9dits Concept et production :<\/h5>\n<p style=\"text-align: center;\"><a href=\"https:\/\/ts-copyright.tidjanesi.ovh\/\" target=\"_blank\" rel=\"noopener\"><strong>Ts Copyright<\/strong><\/a><\/p>\n<\/div>\n<\/div><\/div><\/div><\/div><div id=\"pg-1644-2\"  class=\"panel-grid panel-no-style\" ><div id=\"pgc-1644-2-0\"  class=\"panel-grid-cell panel-grid-cell-empty\" ><\/div><div id=\"pgc-1644-2-1\"  class=\"panel-grid-cell panel-grid-cell-mobile-last\" ><div id=\"panel-1644-2-1-0\" class=\"so-panel widget widget_sow-image panel-first-child panel-last-child\" data-index=\"2\" ><div\n\t\t\t\n\t\t\tclass=\"so-widget-sow-image so-widget-sow-image-default-8b5b6f678277-1644\"\n\t\t\t\n\t\t>\n<div class=\"sow-image-container\">\n\t\t<img \n\tsrc=\"https:\/\/i1.wp.com\/kaaakollection.com\/wp-content\/uploads\/2019\/09\/kaaklogoNEW22.png?fit=750%2C168&amp;ssl=1\" width=\"750\" height=\"168\" srcset=\"https:\/\/i1.wp.com\/kaaakollection.com\/wp-content\/uploads\/2019\/09\/kaaklogoNEW22.png?w=750&amp;ssl=1 750w, https:\/\/i1.wp.com\/kaaakollection.com\/wp-content\/uploads\/2019\/09\/kaaklogoNEW22.png?resize=300%2C67&amp;ssl=1 300w, https:\/\/i1.wp.com\/kaaakollection.com\/wp-content\/uploads\/2019\/09\/kaaklogoNEW22.png?resize=301%2C67&amp;ssl=1 301w\" alt=\"\" loading=\"lazy\" \t\tclass=\"so-widget-image\"\/>\n\t<\/div>\n\n<\/div><\/div><\/div><div id=\"pgc-1644-2-2\"  class=\"panel-grid-cell panel-grid-cell-empty\" ><\/div><\/div><\/div>","protected":false},"excerpt":{"rendered":"<p>D\u00e9nomination sociale : Kaaakollection marque cr\u00e9\u00e9e par Fatmata Kanoute Siret: 850 860 735 000 16 Hebergeur: Ovh Cr\u00e9dits Concept et production : Ts Copyright<\/p>\n","protected":false},"author":1,"featured_media":0,"parent":0,"menu_order":0,"comment_status":"closed","ping_status":"closed","template":"","meta":{"spay_email":""},"_links":{"self":[{"href":"https:\/\/kaaakollection.com\/index.php\/wp-json\/wp\/v2\/pages\/1644"}],"collection":[{"href":"https:\/\/kaaakollection.com\/index.php\/wp-json\/wp\/v2\/pages"}],"about":[{"href":"https:\/\/kaaakollection.com\/index.php\/wp-json\/wp\/v2\/types\/page"}],"author":[{"embeddable":true,"href":"https:\/\/kaaakollection.com\/index.php\/wp-json\/wp\/v2\/users\/1"}],"replies":[{"embeddable":true,"href":"https:\/\/kaaakollection.com\/index.php\/wp-json\/wp\/v2\/comments?post=1644"}],"version-history":[{"count":33,"href":"https:\/\/kaaakollection.com\/index.php\/wp-json\/wp\/v2\/pages\/1644\/revisions"}],"predecessor-version":[{"id":1703,"href":"https:\/\/kaaakollection.com\/index.php\/wp-json\/wp\/v2\/pages\/1644\/revisions\/1703"}],"wp:attachment":[{"href":"https:\/\/kaaakollection.com\/index.php\/wp-json\/wp\/v2\/media?parent=1644"}],"curies":[{"name":"wp","href":"https:\/\/api.w.org\/{rel}","templated":true}]}}