{"id":1840,"date":"2019-12-14T15:12:46","date_gmt":"2019-12-14T14:12:46","guid":{"rendered":"https:\/\/kaaakollection.com\/?post_type=product&#038;p=1840"},"modified":"2024-09-07T17:01:38","modified_gmt":"2024-09-07T15:01:38","slug":"aaa","status":"publish","type":"product","link":"https:\/\/kaaakollection.com\/index.php\/produit\/aaa\/","title":{"rendered":"Veste DUHOOD"},"content":{"rendered":"<p>La veste Du Hood est une veste tailleur tellement \u00e9l\u00e9gante et sophistiqu\u00e9e ; cette veste est une veste en brocard haut de couture, bouton sur le devant poche a l&rsquo;int\u00e9rieur et ext\u00e9rieur de la veste , doublure en soie , boutons au poignet de la veste, \u00e9paulettes, cette veste est unisexe,<\/p>\n","protected":false},"excerpt":{"rendered":"<p>La veste Du Hood est une veste tailleur tellement \u00e9l\u00e9gante et sophistiqu\u00e9e ; cette veste est une veste en brocard haut de couture, bouton sur le devant poche a l&rsquo;int\u00e9rieur et ext\u00e9rieur de la veste , doublure en soie , boutons au poignet de la veste, \u00e9paulettes, cette veste est unisexe,<\/p>\n","protected":false},"featured_media":1756,"template":"","meta":{"spay_email":""},"product_cat":[19],"product_tag":[],"_links":{"self":[{"href":"https:\/\/kaaakollection.com\/index.php\/wp-json\/wp\/v2\/product\/1840"}],"collection":[{"href":"https:\/\/kaaakollection.com\/index.php\/wp-json\/wp\/v2\/product"}],"about":[{"href":"https:\/\/kaaakollection.com\/index.php\/wp-json\/wp\/v2\/types\/product"}],"wp:featuredmedia":[{"embeddable":true,"href":"https:\/\/kaaakollection.com\/index.php\/wp-json\/wp\/v2\/media\/1756"}],"wp:attachment":[{"href":"https:\/\/kaaakollection.com\/index.php\/wp-json\/wp\/v2\/media?parent=1840"}],"wp:term":[{"taxonomy":"product_cat","embeddable":true,"href":"https:\/\/kaaakollection.com\/index.php\/wp-json\/wp\/v2\/product_cat?post=1840"},{"taxonomy":"product_tag","embeddable":true,"href":"https:\/\/kaaakollection.com\/index.php\/wp-json\/wp\/v2\/product_tag?post=1840"}],"curies":[{"name":"wp","href":"https:\/\/api.w.org\/{rel}","templated":true}]}}