{"id":1841,"date":"2019-12-14T15:21:02","date_gmt":"2019-12-14T14:21:02","guid":{"rendered":"https:\/\/kaaakollection.com\/?post_type=product&#038;p=1841"},"modified":"2024-09-07T16:59:20","modified_gmt":"2024-09-07T14:59:20","slug":"kkk","status":"publish","type":"product","link":"https:\/\/kaaakollection.com\/index.php\/produit\/kkk\/","title":{"rendered":"Combinaison en suedine"},"content":{"rendered":"<p>Magnifique combinaison taille haute en su\u00e9dine; \u00a0Maxi fentes sur les 2 jambes \u00e9vas\u00e9es vers le bas, manches longues, cette combinaison comporte des d\u00e9tails \u00e9lastiqu\u00e9 \u00e0 la taille cela permet de ce confondre avec toute morphologie, un la\u00e7age ajustable au niveau de la poitrine, zip invisible milieu dos .Digne d&rsquo;une diva<\/p>\n","protected":false},"excerpt":{"rendered":"<p>Magnifique combinaison taille haute en su\u00e9dine; \u00a0Maxi fentes sur les 2 jambes \u00e9vas\u00e9es vers le bas, manches longues, cette combinaison comporte des d\u00e9tails \u00e9lastiqu\u00e9 \u00e0 la taille cela permet de ce confondre avec toute morphologie, un la\u00e7age ajustable au niveau de la poitrine, zip invisible milieu dos .Digne d&rsquo;une diva<\/p>\n","protected":false},"featured_media":1758,"template":"","meta":{"spay_email":""},"product_cat":[19],"product_tag":[],"_links":{"self":[{"href":"https:\/\/kaaakollection.com\/index.php\/wp-json\/wp\/v2\/product\/1841"}],"collection":[{"href":"https:\/\/kaaakollection.com\/index.php\/wp-json\/wp\/v2\/product"}],"about":[{"href":"https:\/\/kaaakollection.com\/index.php\/wp-json\/wp\/v2\/types\/product"}],"wp:featuredmedia":[{"embeddable":true,"href":"https:\/\/kaaakollection.com\/index.php\/wp-json\/wp\/v2\/media\/1758"}],"wp:attachment":[{"href":"https:\/\/kaaakollection.com\/index.php\/wp-json\/wp\/v2\/media?parent=1841"}],"wp:term":[{"taxonomy":"product_cat","embeddable":true,"href":"https:\/\/kaaakollection.com\/index.php\/wp-json\/wp\/v2\/product_cat?post=1841"},{"taxonomy":"product_tag","embeddable":true,"href":"https:\/\/kaaakollection.com\/index.php\/wp-json\/wp\/v2\/product_tag?post=1841"}],"curies":[{"name":"wp","href":"https:\/\/api.w.org\/{rel}","templated":true}]}}