{"id":1843,"date":"2019-12-14T15:17:45","date_gmt":"2019-12-14T14:17:45","guid":{"rendered":"https:\/\/kaaakollection.com\/?post_type=product&#038;p=1843"},"modified":"2024-09-07T16:59:59","modified_gmt":"2024-09-07T14:59:59","slug":"iii","status":"publish","type":"product","link":"https:\/\/kaaakollection.com\/index.php\/produit\/iii\/","title":{"rendered":"Combi Fat"},"content":{"rendered":"<p>La combi Fat est une combinaison en soie imprim\u00e9e, ceinture taille haute int\u00e9grer , ouverture subtil sur le devant, le bas est l\u00e9g\u00e8rement \u00e9vas\u00e9, doublure en soie<\/p>\n","protected":false},"excerpt":{"rendered":"<p>La combi Fat est une combinaison en soie imprim\u00e9e, ceinture taille haute int\u00e9grer , ouverture subtil sur le devant, le bas est l\u00e9g\u00e8rement \u00e9vas\u00e9, doublure en soie<\/p>\n","protected":false},"featured_media":1782,"template":"","meta":{"spay_email":""},"product_cat":[19],"product_tag":[],"_links":{"self":[{"href":"https:\/\/kaaakollection.com\/index.php\/wp-json\/wp\/v2\/product\/1843"}],"collection":[{"href":"https:\/\/kaaakollection.com\/index.php\/wp-json\/wp\/v2\/product"}],"about":[{"href":"https:\/\/kaaakollection.com\/index.php\/wp-json\/wp\/v2\/types\/product"}],"wp:featuredmedia":[{"embeddable":true,"href":"https:\/\/kaaakollection.com\/index.php\/wp-json\/wp\/v2\/media\/1782"}],"wp:attachment":[{"href":"https:\/\/kaaakollection.com\/index.php\/wp-json\/wp\/v2\/media?parent=1843"}],"wp:term":[{"taxonomy":"product_cat","embeddable":true,"href":"https:\/\/kaaakollection.com\/index.php\/wp-json\/wp\/v2\/product_cat?post=1843"},{"taxonomy":"product_tag","embeddable":true,"href":"https:\/\/kaaakollection.com\/index.php\/wp-json\/wp\/v2\/product_tag?post=1843"}],"curies":[{"name":"wp","href":"https:\/\/api.w.org\/{rel}","templated":true}]}}