{"id":1852,"date":"2019-12-14T15:15:54","date_gmt":"2019-12-14T14:15:54","guid":{"rendered":"https:\/\/kaaakollection.com\/?post_type=product&#038;p=1852"},"modified":"2024-09-07T17:00:40","modified_gmt":"2024-09-07T15:00:40","slug":"eee","status":"publish","type":"product","link":"https:\/\/kaaakollection.com\/index.php\/produit\/eee\/","title":{"rendered":"Dress Princess"},"content":{"rendered":"<p>Sublime robe en soie orange, maxi d\u00e9collet\u00e9 devant et dos, d\u00e9tail de drap\u00e9 sur le devant, col fa\u00e7on \u00e9charpe, fente sur le coter, zip milieu dos<\/p>\n","protected":false},"excerpt":{"rendered":"<p>Sublime robe en soie orange, maxi d\u00e9collet\u00e9 devant et dos, d\u00e9tail de drap\u00e9 sur le devant, col fa\u00e7on \u00e9charpe, fente sur le coter, zip milieu dos<\/p>\n","protected":false},"featured_media":1761,"template":"","meta":{"spay_email":""},"product_cat":[19],"product_tag":[],"_links":{"self":[{"href":"https:\/\/kaaakollection.com\/index.php\/wp-json\/wp\/v2\/product\/1852"}],"collection":[{"href":"https:\/\/kaaakollection.com\/index.php\/wp-json\/wp\/v2\/product"}],"about":[{"href":"https:\/\/kaaakollection.com\/index.php\/wp-json\/wp\/v2\/types\/product"}],"wp:featuredmedia":[{"embeddable":true,"href":"https:\/\/kaaakollection.com\/index.php\/wp-json\/wp\/v2\/media\/1761"}],"wp:attachment":[{"href":"https:\/\/kaaakollection.com\/index.php\/wp-json\/wp\/v2\/media?parent=1852"}],"wp:term":[{"taxonomy":"product_cat","embeddable":true,"href":"https:\/\/kaaakollection.com\/index.php\/wp-json\/wp\/v2\/product_cat?post=1852"},{"taxonomy":"product_tag","embeddable":true,"href":"https:\/\/kaaakollection.com\/index.php\/wp-json\/wp\/v2\/product_tag?post=1852"}],"curies":[{"name":"wp","href":"https:\/\/api.w.org\/{rel}","templated":true}]}}