{"id":1856,"date":"2019-12-14T15:16:14","date_gmt":"2019-12-14T14:16:14","guid":{"rendered":"https:\/\/kaaakollection.com\/?post_type=product&#038;p=1856"},"modified":"2024-09-07T17:00:21","modified_gmt":"2024-09-07T15:00:21","slug":"fff","status":"publish","type":"product","link":"https:\/\/kaaakollection.com\/index.php\/produit\/fff\/","title":{"rendered":"Ensemble Orange is the new K&rsquo;k"},"content":{"rendered":"<p>L&rsquo;ensemble Orange is the new K&rsquo;k, Est un ensemble 100% lam\u00e9 de soie ; Pantalon maxi taille haute ceinture int\u00e9grer, Plis creux sur le devant. \u00a0Crop top en lam\u00e9 de soie \u00e9galement zip milieu dos ; peut se porter de 2 mani\u00e8res , en col bateau ou en top simple.<\/p>\n","protected":false},"excerpt":{"rendered":"<p>L&rsquo;ensemble Orange is the new K&rsquo;k, Est un ensemble 100% lam\u00e9 de soie ; Pantalon maxi taille haute ceinture int\u00e9grer, Plis creux sur le devant. \u00a0Crop top en lam\u00e9 de soie \u00e9galement zip milieu dos ; peut se porter de 2 mani\u00e8res , en col bateau ou en top simple.<\/p>\n","protected":false},"featured_media":1763,"template":"","meta":{"spay_email":""},"product_cat":[19],"product_tag":[],"_links":{"self":[{"href":"https:\/\/kaaakollection.com\/index.php\/wp-json\/wp\/v2\/product\/1856"}],"collection":[{"href":"https:\/\/kaaakollection.com\/index.php\/wp-json\/wp\/v2\/product"}],"about":[{"href":"https:\/\/kaaakollection.com\/index.php\/wp-json\/wp\/v2\/types\/product"}],"wp:featuredmedia":[{"embeddable":true,"href":"https:\/\/kaaakollection.com\/index.php\/wp-json\/wp\/v2\/media\/1763"}],"wp:attachment":[{"href":"https:\/\/kaaakollection.com\/index.php\/wp-json\/wp\/v2\/media?parent=1856"}],"wp:term":[{"taxonomy":"product_cat","embeddable":true,"href":"https:\/\/kaaakollection.com\/index.php\/wp-json\/wp\/v2\/product_cat?post=1856"},{"taxonomy":"product_tag","embeddable":true,"href":"https:\/\/kaaakollection.com\/index.php\/wp-json\/wp\/v2\/product_tag?post=1856"}],"curies":[{"name":"wp","href":"https:\/\/api.w.org\/{rel}","templated":true}]}}