{"id":1859,"date":"2019-12-14T15:23:54","date_gmt":"2019-12-14T14:23:54","guid":{"rendered":"https:\/\/kaaakollection.com\/?post_type=product&#038;p=1859"},"modified":"2024-09-07T17:11:36","modified_gmt":"2024-09-07T15:11:36","slug":"lll","status":"publish","type":"product","link":"https:\/\/kaaakollection.com\/index.php\/produit\/lll\/","title":{"rendered":"Robe bustier Maguette"},"content":{"rendered":"<p>Robe bustier Maguette en lam\u00e9 de soie or, magnifique robe en lam\u00e9 de soie, fente sur le devant , ouverture au niveau des hanches, l\u00e9g\u00e8re traine.<\/p>\n","protected":false},"excerpt":{"rendered":"<p>Robe bustier Maguette en lam\u00e9 de soie or, magnifique robe en lam\u00e9 de soie, fente sur le devant , ouverture au niveau des hanches, l\u00e9g\u00e8re traine.<\/p>\n","protected":false},"featured_media":1771,"template":"","meta":{"spay_email":""},"product_cat":[19],"product_tag":[],"_links":{"self":[{"href":"https:\/\/kaaakollection.com\/index.php\/wp-json\/wp\/v2\/product\/1859"}],"collection":[{"href":"https:\/\/kaaakollection.com\/index.php\/wp-json\/wp\/v2\/product"}],"about":[{"href":"https:\/\/kaaakollection.com\/index.php\/wp-json\/wp\/v2\/types\/product"}],"wp:featuredmedia":[{"embeddable":true,"href":"https:\/\/kaaakollection.com\/index.php\/wp-json\/wp\/v2\/media\/1771"}],"wp:attachment":[{"href":"https:\/\/kaaakollection.com\/index.php\/wp-json\/wp\/v2\/media?parent=1859"}],"wp:term":[{"taxonomy":"product_cat","embeddable":true,"href":"https:\/\/kaaakollection.com\/index.php\/wp-json\/wp\/v2\/product_cat?post=1859"},{"taxonomy":"product_tag","embeddable":true,"href":"https:\/\/kaaakollection.com\/index.php\/wp-json\/wp\/v2\/product_tag?post=1859"}],"curies":[{"name":"wp","href":"https:\/\/api.w.org\/{rel}","templated":true}]}}