{"id":1863,"date":"2019-12-14T15:26:06","date_gmt":"2019-12-14T14:26:06","guid":{"rendered":"https:\/\/kaaakollection.com\/?post_type=product&#038;p=1863"},"modified":"2024-09-07T17:19:00","modified_gmt":"2024-09-07T15:19:00","slug":"nnn","status":"publish","type":"product","link":"https:\/\/kaaakollection.com\/index.php\/produit\/nnn\/","title":{"rendered":"Robe Bella"},"content":{"rendered":"<p>La robe courte bella est une robe en soie imprim\u00e9e , tellement sublime, avec les \u00e9paules d\u00e9nud\u00e9es, volants au niveau des bras, ceinture cousus directement sur la robe pour marquer la taille, Sublime<\/p>\n","protected":false},"excerpt":{"rendered":"<p>La robe courte bella est une robe en soie imprim\u00e9e , tellement sublime, avec les \u00e9paules d\u00e9nud\u00e9es, volants au niveau des bras, ceinture cousus directement sur la robe pour marquer la taille, Sublime<\/p>\n","protected":false},"featured_media":1773,"template":"","meta":{"spay_email":""},"product_cat":[19],"product_tag":[],"_links":{"self":[{"href":"https:\/\/kaaakollection.com\/index.php\/wp-json\/wp\/v2\/product\/1863"}],"collection":[{"href":"https:\/\/kaaakollection.com\/index.php\/wp-json\/wp\/v2\/product"}],"about":[{"href":"https:\/\/kaaakollection.com\/index.php\/wp-json\/wp\/v2\/types\/product"}],"wp:featuredmedia":[{"embeddable":true,"href":"https:\/\/kaaakollection.com\/index.php\/wp-json\/wp\/v2\/media\/1773"}],"wp:attachment":[{"href":"https:\/\/kaaakollection.com\/index.php\/wp-json\/wp\/v2\/media?parent=1863"}],"wp:term":[{"taxonomy":"product_cat","embeddable":true,"href":"https:\/\/kaaakollection.com\/index.php\/wp-json\/wp\/v2\/product_cat?post=1863"},{"taxonomy":"product_tag","embeddable":true,"href":"https:\/\/kaaakollection.com\/index.php\/wp-json\/wp\/v2\/product_tag?post=1863"}],"curies":[{"name":"wp","href":"https:\/\/api.w.org\/{rel}","templated":true}]}}