{"id":1867,"date":"2019-12-14T15:27:29","date_gmt":"2019-12-14T14:27:29","guid":{"rendered":"https:\/\/kaaakollection.com\/?post_type=product&#038;p=1867"},"modified":"2024-09-07T17:12:02","modified_gmt":"2024-09-07T15:12:02","slug":"ppp","status":"publish","type":"product","link":"https:\/\/kaaakollection.com\/index.php\/produit\/ppp\/","title":{"rendered":"L&rsquo;ensemble L\u00e9opard\/Or"},"content":{"rendered":"<p>Le crop top est en dentelle et soie zip milieu dos, la jupe en lam\u00e9 de soie tr\u00e8s fluide , ce porte en taille haute, zip invisible milieu dos et ceinture int\u00e9grer<\/p>\n","protected":false},"excerpt":{"rendered":"<p>Le crop top est en dentelle et soie zip milieu dos, la jupe en lam\u00e9 de soie tr\u00e8s fluide , ce porte en taille haute, zip invisible milieu dos et ceinture int\u00e9grer<\/p>\n","protected":false},"featured_media":1777,"template":"","meta":{"spay_email":""},"product_cat":[19],"product_tag":[],"_links":{"self":[{"href":"https:\/\/kaaakollection.com\/index.php\/wp-json\/wp\/v2\/product\/1867"}],"collection":[{"href":"https:\/\/kaaakollection.com\/index.php\/wp-json\/wp\/v2\/product"}],"about":[{"href":"https:\/\/kaaakollection.com\/index.php\/wp-json\/wp\/v2\/types\/product"}],"wp:featuredmedia":[{"embeddable":true,"href":"https:\/\/kaaakollection.com\/index.php\/wp-json\/wp\/v2\/media\/1777"}],"wp:attachment":[{"href":"https:\/\/kaaakollection.com\/index.php\/wp-json\/wp\/v2\/media?parent=1867"}],"wp:term":[{"taxonomy":"product_cat","embeddable":true,"href":"https:\/\/kaaakollection.com\/index.php\/wp-json\/wp\/v2\/product_cat?post=1867"},{"taxonomy":"product_tag","embeddable":true,"href":"https:\/\/kaaakollection.com\/index.php\/wp-json\/wp\/v2\/product_tag?post=1867"}],"curies":[{"name":"wp","href":"https:\/\/api.w.org\/{rel}","templated":true}]}}