{"id":1869,"date":"2019-12-10T15:28:29","date_gmt":"2019-12-10T14:28:29","guid":{"rendered":"https:\/\/kaaakollection.com\/?post_type=product&#038;p=1869"},"modified":"2024-09-07T17:03:28","modified_gmt":"2024-09-07T15:03:28","slug":"qqq","status":"publish","type":"product","link":"https:\/\/kaaakollection.com\/index.php\/produit\/qqq\/","title":{"rendered":"Veste perfecto tweed"},"content":{"rendered":"<p>La veste perfecto\u00a0en tweed soie est une veste tr\u00e8s sophistiqu\u00e9e et distingu\u00e9e , c&rsquo;est une veste doublure en plong\u00e9e de soie, la\u00e7age sur le torse de la veste, les cot\u00e9s. Fermeture zip, zip \u00e9galement au poignet. Elle est unisexe, Taille M<\/p>\n","protected":false},"excerpt":{"rendered":"<p>La veste perfecto\u00a0en tweed soie est une veste tr\u00e8s sophistiqu\u00e9e et distingu\u00e9e , c&rsquo;est une veste doublure en plong\u00e9e de soie, la\u00e7age sur le torse de la veste, les cot\u00e9s. Fermeture zip, zip \u00e9galement au poignet. Elle est unisexe, Taille M<\/p>\n","protected":false},"featured_media":1914,"template":"","meta":{"spay_email":""},"product_cat":[19],"product_tag":[],"_links":{"self":[{"href":"https:\/\/kaaakollection.com\/index.php\/wp-json\/wp\/v2\/product\/1869"}],"collection":[{"href":"https:\/\/kaaakollection.com\/index.php\/wp-json\/wp\/v2\/product"}],"about":[{"href":"https:\/\/kaaakollection.com\/index.php\/wp-json\/wp\/v2\/types\/product"}],"wp:featuredmedia":[{"embeddable":true,"href":"https:\/\/kaaakollection.com\/index.php\/wp-json\/wp\/v2\/media\/1914"}],"wp:attachment":[{"href":"https:\/\/kaaakollection.com\/index.php\/wp-json\/wp\/v2\/media?parent=1869"}],"wp:term":[{"taxonomy":"product_cat","embeddable":true,"href":"https:\/\/kaaakollection.com\/index.php\/wp-json\/wp\/v2\/product_cat?post=1869"},{"taxonomy":"product_tag","embeddable":true,"href":"https:\/\/kaaakollection.com\/index.php\/wp-json\/wp\/v2\/product_tag?post=1869"}],"curies":[{"name":"wp","href":"https:\/\/api.w.org\/{rel}","templated":true}]}}