{"id":1871,"date":"2019-12-10T15:29:48","date_gmt":"2019-12-10T14:29:48","guid":{"rendered":"https:\/\/kaaakollection.com\/?post_type=product&#038;p=1871"},"modified":"2024-09-07T17:02:59","modified_gmt":"2024-09-07T15:02:59","slug":"rrr","status":"publish","type":"product","link":"https:\/\/kaaakollection.com\/index.php\/produit\/rrr\/","title":{"rendered":"Roi MANSA MOUSSA Veste et Chapeau"},"content":{"rendered":"<p>Cette magnifique pi\u00e8ces est \u00e0 l&rsquo;image de ma marque que des mati\u00e8res nobles. Par demande cette pi\u00e8ce existe en 2 exemplaire ; \u00a0je l&rsquo;ai produite 2 fois. Cette somptueuse pi\u00e8ce 100% soie et brocard haut de couture (tissus de la marque Dior), Finition de la veste en fil d&rsquo;or . Cette veste est parfaite pour toute occasion ! Vous allez faire la diff\u00e9rence<\/p>\n","protected":false},"excerpt":{"rendered":"<p>Cette magnifique pi\u00e8ces est \u00e0 l&rsquo;image de ma marque que des mati\u00e8res nobles. Par demande cette pi\u00e8ce existe en 2 exemplaire ; \u00a0je l&rsquo;ai produite 2 fois. Cette somptueuse pi\u00e8ce 100% soie et brocard haut de couture (tissus de la marque Dior), Finition de la veste en fil d&rsquo;or . Cette veste est parfaite pour &hellip;<\/p>\n<p class=\"read-more\"> <a class=\"\" href=\"https:\/\/kaaakollection.com\/index.php\/produit\/rrr\/\"> <span class=\"screen-reader-text\">Roi MANSA MOUSSA Veste et Chapeau<\/span> Lire la suite\u00a0\u00bb<\/a><\/p>\n","protected":false},"featured_media":1780,"template":"","meta":{"spay_email":""},"product_cat":[19],"product_tag":[],"_links":{"self":[{"href":"https:\/\/kaaakollection.com\/index.php\/wp-json\/wp\/v2\/product\/1871"}],"collection":[{"href":"https:\/\/kaaakollection.com\/index.php\/wp-json\/wp\/v2\/product"}],"about":[{"href":"https:\/\/kaaakollection.com\/index.php\/wp-json\/wp\/v2\/types\/product"}],"wp:featuredmedia":[{"embeddable":true,"href":"https:\/\/kaaakollection.com\/index.php\/wp-json\/wp\/v2\/media\/1780"}],"wp:attachment":[{"href":"https:\/\/kaaakollection.com\/index.php\/wp-json\/wp\/v2\/media?parent=1871"}],"wp:term":[{"taxonomy":"product_cat","embeddable":true,"href":"https:\/\/kaaakollection.com\/index.php\/wp-json\/wp\/v2\/product_cat?post=1871"},{"taxonomy":"product_tag","embeddable":true,"href":"https:\/\/kaaakollection.com\/index.php\/wp-json\/wp\/v2\/product_tag?post=1871"}],"curies":[{"name":"wp","href":"https:\/\/api.w.org\/{rel}","templated":true}]}}