{"id":1874,"date":"2019-12-14T15:58:45","date_gmt":"2019-12-14T14:58:45","guid":{"rendered":"https:\/\/kaaakollection.com\/?post_type=product&#038;p=1874"},"modified":"2024-09-07T16:54:27","modified_gmt":"2024-09-07T14:54:27","slug":"veste-bomber","status":"publish","type":"product","link":"https:\/\/kaaakollection.com\/index.php\/produit\/veste-bomber\/","title":{"rendered":"Veste bomber KK"},"content":{"rendered":"","protected":false},"excerpt":{"rendered":"<p>Veste bomber TAILLE UNIQUE en grosse laine de grande qualit\u00e9, la laine est la mati\u00e8re la plus r\u00e9sistante et la plus chaude. Unisexe doublure en soie , Les mod\u00e8les en photo portent du M.<\/p>\n<p>POSSIBILIT\u00c9 OPTION SUR MESURE<\/p>\n","protected":false},"featured_media":1819,"template":"","meta":{"spay_email":""},"product_cat":[20,21,18],"product_tag":[],"_links":{"self":[{"href":"https:\/\/kaaakollection.com\/index.php\/wp-json\/wp\/v2\/product\/1874"}],"collection":[{"href":"https:\/\/kaaakollection.com\/index.php\/wp-json\/wp\/v2\/product"}],"about":[{"href":"https:\/\/kaaakollection.com\/index.php\/wp-json\/wp\/v2\/types\/product"}],"wp:featuredmedia":[{"embeddable":true,"href":"https:\/\/kaaakollection.com\/index.php\/wp-json\/wp\/v2\/media\/1819"}],"wp:attachment":[{"href":"https:\/\/kaaakollection.com\/index.php\/wp-json\/wp\/v2\/media?parent=1874"}],"wp:term":[{"taxonomy":"product_cat","embeddable":true,"href":"https:\/\/kaaakollection.com\/index.php\/wp-json\/wp\/v2\/product_cat?post=1874"},{"taxonomy":"product_tag","embeddable":true,"href":"https:\/\/kaaakollection.com\/index.php\/wp-json\/wp\/v2\/product_tag?post=1874"}],"curies":[{"name":"wp","href":"https:\/\/api.w.org\/{rel}","templated":true}]}}