{"id":1982,"date":"2020-02-26T09:32:42","date_gmt":"2020-02-26T08:32:42","guid":{"rendered":"https:\/\/kaaakollection.com\/?post_type=product&#038;p=1982"},"modified":"2020-06-11T12:15:33","modified_gmt":"2020-06-11T10:15:33","slug":"veste-ka-snake","status":"publish","type":"product","link":"https:\/\/kaaakollection.com\/index.php\/produit\/veste-ka-snake\/","title":{"rendered":"Veste K\u00e2 Snake"},"content":{"rendered":"<p>Veste en 100% cuir v\u00e9ritable en python col \u00e0 pression Mao, Manche longues, doublure en soie rouge, fermeture zip\u00e9es \u00e0 l&rsquo;avant, poche ext\u00e9rieures fermeture zip, jeu de d\u00e9coupe d&#8217;empi\u00e8cements, Finitions poche int\u00e9rieur cuir de python, Sur les cot\u00e9s ; boucle de ceinture en laiton pour le r\u00e9glage.<\/p>\n<p>PRIX SUR DEVIS<\/p>\n","protected":false},"excerpt":{"rendered":"<p>Veste en 100% cuir v\u00e9ritable en python col \u00e0 pression Mao, Manche longues, doublure en soie rouge, fermeture zip\u00e9es \u00e0 l&rsquo;avant, poche ext\u00e9rieures fermeture zip, jeu de d\u00e9coupe d&#8217;empi\u00e8cements, Finitions poche int\u00e9rieur cuir de python, Sur les cot\u00e9s ; boucle de ceinture en laiton pour le r\u00e9glage.<br \/>\nPRIX SUR DEVIS<\/p>\n","protected":false},"featured_media":1979,"template":"","meta":{"spay_email":""},"product_cat":[33,18],"product_tag":[],"_links":{"self":[{"href":"https:\/\/kaaakollection.com\/index.php\/wp-json\/wp\/v2\/product\/1982"}],"collection":[{"href":"https:\/\/kaaakollection.com\/index.php\/wp-json\/wp\/v2\/product"}],"about":[{"href":"https:\/\/kaaakollection.com\/index.php\/wp-json\/wp\/v2\/types\/product"}],"wp:featuredmedia":[{"embeddable":true,"href":"https:\/\/kaaakollection.com\/index.php\/wp-json\/wp\/v2\/media\/1979"}],"wp:attachment":[{"href":"https:\/\/kaaakollection.com\/index.php\/wp-json\/wp\/v2\/media?parent=1982"}],"wp:term":[{"taxonomy":"product_cat","embeddable":true,"href":"https:\/\/kaaakollection.com\/index.php\/wp-json\/wp\/v2\/product_cat?post=1982"},{"taxonomy":"product_tag","embeddable":true,"href":"https:\/\/kaaakollection.com\/index.php\/wp-json\/wp\/v2\/product_tag?post=1982"}],"curies":[{"name":"wp","href":"https:\/\/api.w.org\/{rel}","templated":true}]}}