{"id":2027,"date":"2020-06-09T02:08:23","date_gmt":"2020-06-09T00:08:23","guid":{"rendered":"https:\/\/kaaakollection.com\/?post_type=product&#038;p=2027"},"modified":"2024-09-07T16:57:33","modified_gmt":"2024-09-07T14:57:33","slug":"nvx-produit-1","status":"publish","type":"product","link":"https:\/\/kaaakollection.com\/index.php\/produit\/nvx-produit-1\/","title":{"rendered":"TROPICAL VIBES"},"content":{"rendered":"<p>Ensembles en 100% Soie imprim\u00e9e, Top cache-c\u0153ur la\u00e7age . Pantalon taille haute. Plis au niveau de la ceinture, ouverture sur le devant du pantalon Zip c\u00f4t\u00e9. L\u00e9g\u00e8re doublure en plong\u00e9e de soie<\/p>\n","protected":false},"excerpt":{"rendered":"<p>TROPICAL VIBES<br \/>\nEnsembles en 100% Soie imprim\u00e9e,Top cache-c\u0153ur la\u00e7age . Pantalon taille haute. Plis au niveau de la ceinture, ouverture sur le devant du pantalon Zip c\u00f4t\u00e9. L\u00e9g\u00e8re doublure en plong\u00e9e de soie<\/p>\n","protected":false},"featured_media":2011,"template":"","meta":{"spay_email":""},"product_cat":[20],"product_tag":[],"_links":{"self":[{"href":"https:\/\/kaaakollection.com\/index.php\/wp-json\/wp\/v2\/product\/2027"}],"collection":[{"href":"https:\/\/kaaakollection.com\/index.php\/wp-json\/wp\/v2\/product"}],"about":[{"href":"https:\/\/kaaakollection.com\/index.php\/wp-json\/wp\/v2\/types\/product"}],"wp:featuredmedia":[{"embeddable":true,"href":"https:\/\/kaaakollection.com\/index.php\/wp-json\/wp\/v2\/media\/2011"}],"wp:attachment":[{"href":"https:\/\/kaaakollection.com\/index.php\/wp-json\/wp\/v2\/media?parent=2027"}],"wp:term":[{"taxonomy":"product_cat","embeddable":true,"href":"https:\/\/kaaakollection.com\/index.php\/wp-json\/wp\/v2\/product_cat?post=2027"},{"taxonomy":"product_tag","embeddable":true,"href":"https:\/\/kaaakollection.com\/index.php\/wp-json\/wp\/v2\/product_tag?post=2027"}],"curies":[{"name":"wp","href":"https:\/\/api.w.org\/{rel}","templated":true}]}}