{"id":328,"date":"2019-07-02T17:51:37","date_gmt":"2019-07-02T15:51:37","guid":{"rendered":"https:\/\/kaaakollection.com\/?post_type=product&#038;p=328"},"modified":"2024-09-07T17:10:34","modified_gmt":"2024-09-07T15:10:34","slug":"robe-kaakollection-1","status":"publish","type":"product","link":"https:\/\/kaaakollection.com\/index.php\/produit\/robe-kaakollection-1\/","title":{"rendered":"Chemise Unisexe Noire"},"content":{"rendered":"<p>Les produits en soie,brocard ou autre avec de la soie sont lavable a la main eau froide ou lavage d\u00e9licat \u00e0 sec uniquement.<\/p>\n","protected":false},"excerpt":{"rendered":"<p><strong><span style=\"font-size: 14pt;\">Chemise Unisexe en imprim\u00e9 noir en mousseline de soie , le mod\u00e8le porte une taille unique disponible sur commande ou sur mesure si vous le d\u00e9sirez .<\/span><\/strong><\/p>\n","protected":false},"featured_media":1229,"template":"","meta":{"spay_email":""},"product_cat":[21,18],"product_tag":[],"_links":{"self":[{"href":"https:\/\/kaaakollection.com\/index.php\/wp-json\/wp\/v2\/product\/328"}],"collection":[{"href":"https:\/\/kaaakollection.com\/index.php\/wp-json\/wp\/v2\/product"}],"about":[{"href":"https:\/\/kaaakollection.com\/index.php\/wp-json\/wp\/v2\/types\/product"}],"wp:featuredmedia":[{"embeddable":true,"href":"https:\/\/kaaakollection.com\/index.php\/wp-json\/wp\/v2\/media\/1229"}],"wp:attachment":[{"href":"https:\/\/kaaakollection.com\/index.php\/wp-json\/wp\/v2\/media?parent=328"}],"wp:term":[{"taxonomy":"product_cat","embeddable":true,"href":"https:\/\/kaaakollection.com\/index.php\/wp-json\/wp\/v2\/product_cat?post=328"},{"taxonomy":"product_tag","embeddable":true,"href":"https:\/\/kaaakollection.com\/index.php\/wp-json\/wp\/v2\/product_tag?post=328"}],"curies":[{"name":"wp","href":"https:\/\/api.w.org\/{rel}","templated":true}]}}