{"id":331,"date":"2019-07-02T17:57:28","date_gmt":"2019-07-02T15:57:28","guid":{"rendered":"https:\/\/kaaakollection.com\/?post_type=product&#038;p=331"},"modified":"2019-08-27T16:45:56","modified_gmt":"2019-08-27T14:45:56","slug":"robe-kaakollection-4","status":"publish","type":"product","link":"https:\/\/kaaakollection.com\/index.php\/produit\/robe-kaakollection-4\/","title":{"rendered":"Crop top Imprim\u00e9e l\u00e9opard"},"content":{"rendered":"","protected":false},"excerpt":{"rendered":"<p>Crop top imprim\u00e9e l\u00e9opard en viscose \u00e9paule d\u00e9nud\u00e9 manche ballons \u00e9lastique au niveau des poignets. Il y as des liens sur les \u00e9paules, zip milieu dos. Avec l&rsquo;imprim\u00e9 la couleur peut varier<\/p>\n<p>Taille disponible sur commande en toute taille standard 36, 38 ou 40 ect&#8230;. ou option sur mesure .<\/p>\n","protected":false},"featured_media":943,"template":"","meta":{"spay_email":""},"product_cat":[20],"product_tag":[],"_links":{"self":[{"href":"https:\/\/kaaakollection.com\/index.php\/wp-json\/wp\/v2\/product\/331"}],"collection":[{"href":"https:\/\/kaaakollection.com\/index.php\/wp-json\/wp\/v2\/product"}],"about":[{"href":"https:\/\/kaaakollection.com\/index.php\/wp-json\/wp\/v2\/types\/product"}],"wp:featuredmedia":[{"embeddable":true,"href":"https:\/\/kaaakollection.com\/index.php\/wp-json\/wp\/v2\/media\/943"}],"wp:attachment":[{"href":"https:\/\/kaaakollection.com\/index.php\/wp-json\/wp\/v2\/media?parent=331"}],"wp:term":[{"taxonomy":"product_cat","embeddable":true,"href":"https:\/\/kaaakollection.com\/index.php\/wp-json\/wp\/v2\/product_cat?post=331"},{"taxonomy":"product_tag","embeddable":true,"href":"https:\/\/kaaakollection.com\/index.php\/wp-json\/wp\/v2\/product_tag?post=331"}],"curies":[{"name":"wp","href":"https:\/\/api.w.org\/{rel}","templated":true}]}}