{"id":740,"date":"2019-07-14T00:02:04","date_gmt":"2019-07-13T22:02:04","guid":{"rendered":"https:\/\/kaaakollection.com\/?post_type=product&#038;p=740"},"modified":"2019-09-12T23:15:25","modified_gmt":"2019-09-12T21:15:25","slug":"debardeur-ablo","status":"publish","type":"product","link":"https:\/\/kaaakollection.com\/index.php\/produit\/debardeur-ablo\/","title":{"rendered":"D\u00e9bardeur Ablo"},"content":{"rendered":"<p>Les produits en soie,brocard ou autre avec de la soie sont lavable a la main eau froide ou lavage d\u00e9licat \u00e0 sec uniquement.<\/p>\n","protected":false},"excerpt":{"rendered":"<p><strong><span style=\"font-size: 14pt;\">D\u00e9bardeur \u00a0\u00bb Ablo \u00ab\u00a0coupe droite, col V en imprim\u00e9 d\u00e9vor\u00e9e blanche en mousseline de soie. Le mod\u00e8le porte du M, le mod\u00e8le fait 1m80. Taille disponible sur commande en toute les tailles standard 36,38 ou 40 etc&#8230; ou option sur mesure .<\/span><\/strong><\/p>\n<p><strong><span style=\"font-size: 14pt;\">Lavage a la main eau froide ou lavage d\u00e9licat \u00e0 sec uniquement .<\/span><\/strong><\/p>\n","protected":false},"featured_media":893,"template":"","meta":{"spay_email":""},"product_cat":[18],"product_tag":[],"_links":{"self":[{"href":"https:\/\/kaaakollection.com\/index.php\/wp-json\/wp\/v2\/product\/740"}],"collection":[{"href":"https:\/\/kaaakollection.com\/index.php\/wp-json\/wp\/v2\/product"}],"about":[{"href":"https:\/\/kaaakollection.com\/index.php\/wp-json\/wp\/v2\/types\/product"}],"wp:featuredmedia":[{"embeddable":true,"href":"https:\/\/kaaakollection.com\/index.php\/wp-json\/wp\/v2\/media\/893"}],"wp:attachment":[{"href":"https:\/\/kaaakollection.com\/index.php\/wp-json\/wp\/v2\/media?parent=740"}],"wp:term":[{"taxonomy":"product_cat","embeddable":true,"href":"https:\/\/kaaakollection.com\/index.php\/wp-json\/wp\/v2\/product_cat?post=740"},{"taxonomy":"product_tag","embeddable":true,"href":"https:\/\/kaaakollection.com\/index.php\/wp-json\/wp\/v2\/product_tag?post=740"}],"curies":[{"name":"wp","href":"https:\/\/api.w.org\/{rel}","templated":true}]}}