{"id":741,"date":"2019-07-14T00:12:39","date_gmt":"2019-07-13T22:12:39","guid":{"rendered":"https:\/\/kaaakollection.com\/?post_type=product&#038;p=741"},"modified":"2024-09-07T17:05:27","modified_gmt":"2024-09-07T15:05:27","slug":"chemise-leo-blanche","status":"publish","type":"product","link":"https:\/\/kaaakollection.com\/index.php\/produit\/chemise-leo-blanche\/","title":{"rendered":"Chemise L\u00e9o Blanche"},"content":{"rendered":"<p>Les produits en soie,brocard ou autre avec de la soie sont lavable a la main eau froide ou lavage d\u00e9licat \u00e0 sec uniquement.<\/p>\n","protected":false},"excerpt":{"rendered":"<p><span style=\"font-size: 14pt;\">Chemise \u00a0\u00bb L\u00e9o blanche \u00a0\u00bb Unisexe, en imprim\u00e9 d\u00e9vor\u00e9e blanche en mousseline de soie. Bouton pression, col mao. Le mod\u00e8le porte une taille unique sur commande ou option sur mesure si vous le d\u00e9sirez. Lavage a la main eau froide ou lavage d\u00e9licat \u00e0 sec uniquement .<\/span><\/p>\n","protected":false},"featured_media":885,"template":"","meta":{"spay_email":""},"product_cat":[21,18],"product_tag":[],"_links":{"self":[{"href":"https:\/\/kaaakollection.com\/index.php\/wp-json\/wp\/v2\/product\/741"}],"collection":[{"href":"https:\/\/kaaakollection.com\/index.php\/wp-json\/wp\/v2\/product"}],"about":[{"href":"https:\/\/kaaakollection.com\/index.php\/wp-json\/wp\/v2\/types\/product"}],"wp:featuredmedia":[{"embeddable":true,"href":"https:\/\/kaaakollection.com\/index.php\/wp-json\/wp\/v2\/media\/885"}],"wp:attachment":[{"href":"https:\/\/kaaakollection.com\/index.php\/wp-json\/wp\/v2\/media?parent=741"}],"wp:term":[{"taxonomy":"product_cat","embeddable":true,"href":"https:\/\/kaaakollection.com\/index.php\/wp-json\/wp\/v2\/product_cat?post=741"},{"taxonomy":"product_tag","embeddable":true,"href":"https:\/\/kaaakollection.com\/index.php\/wp-json\/wp\/v2\/product_tag?post=741"}],"curies":[{"name":"wp","href":"https:\/\/api.w.org\/{rel}","templated":true}]}}