{"id":742,"date":"2019-07-14T00:19:37","date_gmt":"2019-07-13T22:19:37","guid":{"rendered":"https:\/\/kaaakollection.com\/?post_type=product&#038;p=742"},"modified":"2024-09-07T17:05:04","modified_gmt":"2024-09-07T15:05:04","slug":"pantalon-bella","status":"publish","type":"product","link":"https:\/\/kaaakollection.com\/index.php\/produit\/pantalon-bella\/","title":{"rendered":"Pantalon Bella"},"content":{"rendered":"","protected":false},"excerpt":{"rendered":"<p><span style=\"font-size: 14pt;\"><strong>Pantalon \u00a0\u00bb Bella \u00a0\u00bb blanc, en Soie doublure pong\u00e9e de soie, Maxi taille haute \u00e9lastique au dos du pantalon ceinture int\u00e9gr\u00e9e plis creux sur le devant du pantalon. Le mod\u00e8le mesure 1m75, elle porte du taille 38. Taille disponible sur commmande en taille standard S, M, L ou XL\u00a0 ou option sur mesure . Lavage a la main eau froide ou lavage d\u00e9licat \u00e0 sec uniquement .<\/strong><\/span><\/p>\n","protected":false},"featured_media":878,"template":"","meta":{"spay_email":""},"product_cat":[20],"product_tag":[],"_links":{"self":[{"href":"https:\/\/kaaakollection.com\/index.php\/wp-json\/wp\/v2\/product\/742"}],"collection":[{"href":"https:\/\/kaaakollection.com\/index.php\/wp-json\/wp\/v2\/product"}],"about":[{"href":"https:\/\/kaaakollection.com\/index.php\/wp-json\/wp\/v2\/types\/product"}],"wp:featuredmedia":[{"embeddable":true,"href":"https:\/\/kaaakollection.com\/index.php\/wp-json\/wp\/v2\/media\/878"}],"wp:attachment":[{"href":"https:\/\/kaaakollection.com\/index.php\/wp-json\/wp\/v2\/media?parent=742"}],"wp:term":[{"taxonomy":"product_cat","embeddable":true,"href":"https:\/\/kaaakollection.com\/index.php\/wp-json\/wp\/v2\/product_cat?post=742"},{"taxonomy":"product_tag","embeddable":true,"href":"https:\/\/kaaakollection.com\/index.php\/wp-json\/wp\/v2\/product_tag?post=742"}],"curies":[{"name":"wp","href":"https:\/\/api.w.org\/{rel}","templated":true}]}}